{"id":785,"date":"2018-10-01T13:10:24","date_gmt":"2018-10-01T13:10:24","guid":{"rendered":"https:\/\/kantaragida.com\/urunlerimiz\/"},"modified":"2021-09-29T08:43:51","modified_gmt":"2021-09-29T08:43:51","slug":"our-products","status":"publish","type":"page","link":"https:\/\/kantaragida.com\/en\/our-products\/","title":{"rendered":"Urunlerimiz"},"content":{"rendered":"\t\t<div data-elementor-type=\"wp-post\" data-elementor-id=\"785\" class=\"elementor elementor-785 elementor-28\" data-elementor-post-type=\"page\">\n\t\t\t\t\t\t<section class=\"elementor-section elementor-top-section elementor-element elementor-element-3c1849c2 elementor-section-height-min-height elementor-section-content-middle elementor-section-boxed elementor-section-height-default elementor-section-items-middle\" data-id=\"3c1849c2\" data-element_type=\"section\" data-settings=\"{&quot;background_background&quot;:&quot;classic&quot;,&quot;shape_divider_bottom&quot;:&quot;triangle&quot;}\">\n\t\t\t\t\t\t\t<div class=\"elementor-background-overlay\"><\/div>\n\t\t\t\t\t\t<div class=\"elementor-shape elementor-shape-bottom\" aria-hidden=\"true\" data-negative=\"false\">\n\t\t\t<svg xmlns=\"http:\/\/www.w3.org\/2000\/svg\" viewBox=\"0 0 1000 100\" preserveAspectRatio=\"none\">\n\t<path class=\"elementor-shape-fill\" d=\"M500,98.9L0,6.1V0h1000v6.1L500,98.9z\"\/>\n<\/svg>\t\t<\/div>\n\t\t\t\t\t<div class=\"elementor-container elementor-column-gap-extended\">\n\t\t\t\t\t<div class=\"elementor-column elementor-col-16 elementor-top-column elementor-element elementor-element-1b8fef79\" data-id=\"1b8fef79\" data-element_type=\"column\">\n\t\t\t<div class=\"elementor-widget-wrap\">\n\t\t\t\t\t\t\t<\/div>\n\t\t<\/div>\n\t\t\t\t<div class=\"elementor-column elementor-col-66 elementor-top-column elementor-element elementor-element-39393098\" data-id=\"39393098\" data-element_type=\"column\">\n\t\t\t<div class=\"elementor-widget-wrap elementor-element-populated\">\n\t\t\t\t\t\t<div class=\"elementor-element elementor-element-61c33d6f elementor-widget elementor-widget-image\" data-id=\"61c33d6f\" data-element_type=\"widget\" data-widget_type=\"image.default\">\n\t\t\t\t<div class=\"elementor-widget-container\">\n\t\t\t\t\t\t\t\t\t\t\t\t\t\t\t<img decoding=\"async\" width=\"200\" height=\"35\" src=\"https:\/\/kantaragida.com\/wp-content\/uploads\/2020\/07\/divider-free-img-1.png\" class=\"attachment-full size-full wp-image-10\" alt=\"\" \/>\t\t\t\t\t\t\t\t\t\t\t\t\t\t\t<\/div>\n\t\t\t\t<\/div>\n\t\t\t\t<div class=\"elementor-element elementor-element-42851972 elementor-invisible elementor-widget elementor-widget-heading\" data-id=\"42851972\" data-element_type=\"widget\" data-settings=\"{&quot;_animation&quot;:&quot;fadeInDown&quot;}\" data-widget_type=\"heading.default\">\n\t\t\t\t<div class=\"elementor-widget-container\">\n\t\t\t\t\t<h3 class=\"elementor-heading-title elementor-size-default\">E\u015fsiz Lezzetlere ho\u015fgeldiniz<\/h3>\t\t\t\t<\/div>\n\t\t\t\t<\/div>\n\t\t\t\t<div class=\"elementor-element elementor-element-2e7e6ff7 elementor-invisible elementor-widget elementor-widget-heading\" data-id=\"2e7e6ff7\" data-element_type=\"widget\" data-settings=\"{&quot;_animation&quot;:&quot;fadeInUp&quot;,&quot;_animation_delay&quot;:200}\" data-widget_type=\"heading.default\">\n\t\t\t\t<div class=\"elementor-widget-container\">\n\t\t\t\t\t<h1 class=\"elementor-heading-title elementor-size-default\">\u00dcr\u00fcnlerimiz<\/h1>\t\t\t\t<\/div>\n\t\t\t\t<\/div>\n\t\t\t\t<div class=\"elementor-element elementor-element-2b5f83c5 elementor-hidden-phone elementor-invisible elementor-widget elementor-widget-text-editor\" data-id=\"2b5f83c5\" data-element_type=\"widget\" data-settings=\"{&quot;_animation&quot;:&quot;fadeInUp&quot;,&quot;_animation_delay&quot;:400}\" data-widget_type=\"text-editor.default\">\n\t\t\t\t<div class=\"elementor-widget-container\">\n\t\t\t\t\t\t\t\t\t<p>L\u00fctfen a\u015fa\u011f\u0131dan \u00fcr\u00fcn kategorilerimizi inceleyiniz<\/p>\t\t\t\t\t\t\t\t<\/div>\n\t\t\t\t<\/div>\n\t\t\t\t\t<\/div>\n\t\t<\/div>\n\t\t\t\t<div class=\"elementor-column elementor-col-16 elementor-top-column elementor-element elementor-element-19e5d963\" data-id=\"19e5d963\" data-element_type=\"column\">\n\t\t\t<div class=\"elementor-widget-wrap\">\n\t\t\t\t\t\t\t<\/div>\n\t\t<\/div>\n\t\t\t\t\t<\/div>\n\t\t<\/section>\n\t\t\t\t<section class=\"elementor-section elementor-top-section elementor-element elementor-element-4dd736f elementor-section-boxed elementor-section-height-default elementor-section-height-default\" data-id=\"4dd736f\" data-element_type=\"section\">\n\t\t\t\t\t\t<div class=\"elementor-container elementor-column-gap-default\">\n\t\t\t\t\t<div class=\"elementor-column elementor-col-100 elementor-top-column elementor-element elementor-element-a776075\" data-id=\"a776075\" data-element_type=\"column\">\n\t\t\t<div class=\"elementor-widget-wrap elementor-element-populated\">\n\t\t\t\t\t\t<div class=\"elementor-element elementor-element-bc60942 elementor-widget elementor-widget-heading\" data-id=\"bc60942\" data-element_type=\"widget\" data-widget_type=\"heading.default\">\n\t\t\t\t<div class=\"elementor-widget-container\">\n\t\t\t\t\t<h2 class=\"elementor-heading-title elementor-size-default\">\u00dcr\u00fcn Kategorilerimiz<\/h2>\t\t\t\t<\/div>\n\t\t\t\t<\/div>\n\t\t\t\t\t<\/div>\n\t\t<\/div>\n\t\t\t\t\t<\/div>\n\t\t<\/section>\n\t\t\t\t<section class=\"elementor-section elementor-top-section elementor-element elementor-element-6c8cfb9 elementor-section-boxed elementor-section-height-default elementor-section-height-default\" data-id=\"6c8cfb9\" data-element_type=\"section\" data-settings=\"{&quot;background_background&quot;:&quot;classic&quot;}\">\n\t\t\t\t\t\t<div class=\"elementor-container elementor-column-gap-no\">\n\t\t\t\t\t<div class=\"elementor-column elementor-col-100 elementor-top-column elementor-element elementor-element-5def2807\" data-id=\"5def2807\" data-element_type=\"column\">\n\t\t\t<div class=\"elementor-widget-wrap elementor-element-populated\">\n\t\t\t\t\t\t<div class=\"elementor-element elementor-element-fc930ad elementor-grid-4 elementor-grid-tablet-3 elementor-grid-mobile-2 elementor-products-grid elementor-wc-products elementor-widget elementor-widget-wc-categories\" data-id=\"fc930ad\" data-element_type=\"widget\" data-widget_type=\"wc-categories.default\">\n\t\t\t\t<div class=\"elementor-widget-container\">\n\t\t\t\t\t<div class=\"woocommerce columns-4\"><ul class=\"products elementor-grid columns-4\">\n<li class=\"product-category product first\">\n\t<a aria-label=\"Visit product category Tahini Varieties\" href=\"https:\/\/kantaragida.com\/en\/urun-kategori\/tahini-varieties\/\"><img fetchpriority=\"high\" decoding=\"async\" src=\"https:\/\/kantaragida.com\/wp-content\/uploads\/2020\/08\/Untitled-design-70-300x300.png\" alt=\"Tahini Varieties\" width=\"300\" height=\"300\" srcset=\"https:\/\/kantaragida.com\/wp-content\/uploads\/2020\/08\/Untitled-design-70-300x300.png 300w, https:\/\/kantaragida.com\/wp-content\/uploads\/2020\/08\/Untitled-design-70-100x100.png 100w, https:\/\/kantaragida.com\/wp-content\/uploads\/2020\/08\/Untitled-design-70-150x150.png 150w, https:\/\/kantaragida.com\/wp-content\/uploads\/2020\/08\/Untitled-design-70.png 350w\" sizes=\"(max-width: 300px) 100vw, 300px\" \/>\t\t<h2 class=\"woocommerce-loop-category__title\">\n\t\t\tTahini Varieties<mark class=\"count\">8 Products<\/mark>\t\t<\/h2>\n\t\t<\/a><\/li>\n<li class=\"product-category product\">\n\t<a aria-label=\"Visit product category Preserve Varieties\" href=\"https:\/\/kantaragida.com\/en\/urun-kategori\/preserve-varieties\/\"><img decoding=\"async\" src=\"https:\/\/kantaragida.com\/wp-content\/uploads\/2021\/09\/Macun-Cesitleri-300x300.png\" alt=\"Preserve Varieties\" width=\"300\" height=\"300\" srcset=\"https:\/\/kantaragida.com\/wp-content\/uploads\/2021\/09\/Macun-Cesitleri-300x300.png 300w, https:\/\/kantaragida.com\/wp-content\/uploads\/2021\/09\/Macun-Cesitleri-150x150.png 150w, https:\/\/kantaragida.com\/wp-content\/uploads\/2021\/09\/Macun-Cesitleri-100x100.png 100w, https:\/\/kantaragida.com\/wp-content\/uploads\/2021\/09\/Macun-Cesitleri.png 350w\" sizes=\"(max-width: 300px) 100vw, 300px\" \/>\t\t<h2 class=\"woocommerce-loop-category__title\">\n\t\t\tPreserve Varieties<mark class=\"count\">14 Products<\/mark>\t\t<\/h2>\n\t\t<\/a><\/li>\n<li class=\"product-category product\">\n\t<a aria-label=\"Visit product category Pickle Varieties\" href=\"https:\/\/kantaragida.com\/en\/urun-kategori\/pickle-varieties\/\"><img loading=\"lazy\" decoding=\"async\" src=\"https:\/\/kantaragida.com\/wp-content\/uploads\/2020\/08\/Untitled-design-69-300x300.png\" alt=\"Pickle Varieties\" width=\"300\" height=\"300\" srcset=\"https:\/\/kantaragida.com\/wp-content\/uploads\/2020\/08\/Untitled-design-69-300x300.png 300w, https:\/\/kantaragida.com\/wp-content\/uploads\/2020\/08\/Untitled-design-69-100x100.png 100w, https:\/\/kantaragida.com\/wp-content\/uploads\/2020\/08\/Untitled-design-69-150x150.png 150w, https:\/\/kantaragida.com\/wp-content\/uploads\/2020\/08\/Untitled-design-69.png 350w\" sizes=\"(max-width: 300px) 100vw, 300px\" \/>\t\t<h2 class=\"woocommerce-loop-category__title\">\n\t\t\tPickle Varieties<mark class=\"count\">10 Products<\/mark>\t\t<\/h2>\n\t\t<\/a><\/li>\n<li class=\"product-category product last\">\n\t<a aria-label=\"Visit product category Olive Oil Varieties\" href=\"https:\/\/kantaragida.com\/en\/urun-kategori\/olive-oil-varieties\/\"><img loading=\"lazy\" decoding=\"async\" src=\"https:\/\/kantaragida.com\/wp-content\/uploads\/2020\/08\/Untitled-design-65-300x300.png\" alt=\"Olive Oil Varieties\" width=\"300\" height=\"300\" srcset=\"https:\/\/kantaragida.com\/wp-content\/uploads\/2020\/08\/Untitled-design-65-300x300.png 300w, https:\/\/kantaragida.com\/wp-content\/uploads\/2020\/08\/Untitled-design-65-100x100.png 100w, https:\/\/kantaragida.com\/wp-content\/uploads\/2020\/08\/Untitled-design-65-150x150.png 150w, https:\/\/kantaragida.com\/wp-content\/uploads\/2020\/08\/Untitled-design-65.png 350w\" sizes=\"(max-width: 300px) 100vw, 300px\" \/>\t\t<h2 class=\"woocommerce-loop-category__title\">\n\t\t\tOlive Oil Varieties<mark class=\"count\">8 Products<\/mark>\t\t<\/h2>\n\t\t<\/a><\/li>\n<li class=\"product-category product first\">\n\t<a aria-label=\"Visit product category Molasses Varieties\" href=\"https:\/\/kantaragida.com\/en\/urun-kategori\/molasses-varieties\/\"><img loading=\"lazy\" decoding=\"async\" src=\"https:\/\/kantaragida.com\/wp-content\/uploads\/2021\/09\/Pekmez-Cesitleri-300x300.png\" alt=\"Molasses Varieties\" width=\"300\" height=\"300\" srcset=\"https:\/\/kantaragida.com\/wp-content\/uploads\/2021\/09\/Pekmez-Cesitleri-300x300.png 300w, https:\/\/kantaragida.com\/wp-content\/uploads\/2021\/09\/Pekmez-Cesitleri-150x150.png 150w, https:\/\/kantaragida.com\/wp-content\/uploads\/2021\/09\/Pekmez-Cesitleri-100x100.png 100w, https:\/\/kantaragida.com\/wp-content\/uploads\/2021\/09\/Pekmez-Cesitleri.png 350w\" sizes=\"(max-width: 300px) 100vw, 300px\" \/>\t\t<h2 class=\"woocommerce-loop-category__title\">\n\t\t\tMolasses Varieties<mark class=\"count\">12 Products<\/mark>\t\t<\/h2>\n\t\t<\/a><\/li>\n<li class=\"product-category product\">\n\t<a aria-label=\"Visit product category Jam Varieties\" href=\"https:\/\/kantaragida.com\/en\/urun-kategori\/jam-varieties\/\"><img loading=\"lazy\" decoding=\"async\" src=\"https:\/\/kantaragida.com\/wp-content\/uploads\/2021\/09\/Recel-Cesitleri-300x300.png\" alt=\"Jam Varieties\" width=\"300\" height=\"300\" srcset=\"https:\/\/kantaragida.com\/wp-content\/uploads\/2021\/09\/Recel-Cesitleri-300x300.png 300w, https:\/\/kantaragida.com\/wp-content\/uploads\/2021\/09\/Recel-Cesitleri-150x150.png 150w, https:\/\/kantaragida.com\/wp-content\/uploads\/2021\/09\/Recel-Cesitleri-100x100.png 100w, https:\/\/kantaragida.com\/wp-content\/uploads\/2021\/09\/Recel-Cesitleri.png 350w\" sizes=\"(max-width: 300px) 100vw, 300px\" \/>\t\t<h2 class=\"woocommerce-loop-category__title\">\n\t\t\tJam Varieties<mark class=\"count\">11 Products<\/mark>\t\t<\/h2>\n\t\t<\/a><\/li>\n<li class=\"product-category product\">\n\t<a aria-label=\"Visit product category Honey Varieties\" href=\"https:\/\/kantaragida.com\/en\/urun-kategori\/honey-varieties\/\"><img loading=\"lazy\" decoding=\"async\" src=\"https:\/\/kantaragida.com\/wp-content\/uploads\/2021\/09\/bal_cesitleri-300x300.png\" alt=\"Honey Varieties\" width=\"300\" height=\"300\" srcset=\"https:\/\/kantaragida.com\/wp-content\/uploads\/2021\/09\/bal_cesitleri-300x300.png 300w, https:\/\/kantaragida.com\/wp-content\/uploads\/2021\/09\/bal_cesitleri-150x150.png 150w, https:\/\/kantaragida.com\/wp-content\/uploads\/2021\/09\/bal_cesitleri-100x100.png 100w, https:\/\/kantaragida.com\/wp-content\/uploads\/2021\/09\/bal_cesitleri.png 350w\" sizes=\"(max-width: 300px) 100vw, 300px\" \/>\t\t<h2 class=\"woocommerce-loop-category__title\">\n\t\t\tHoney Varieties<mark class=\"count\">10 Products<\/mark>\t\t<\/h2>\n\t\t<\/a><\/li>\n<li class=\"product-category product last\">\n\t<a aria-label=\"Visit product category Candy Varieties\" href=\"https:\/\/kantaragida.com\/en\/urun-kategori\/candy-varieties\/\"><img loading=\"lazy\" decoding=\"async\" src=\"https:\/\/kantaragida.com\/wp-content\/uploads\/2020\/08\/Untitled-design-66-300x300.png\" alt=\"Candy Varieties\" width=\"300\" height=\"300\" srcset=\"https:\/\/kantaragida.com\/wp-content\/uploads\/2020\/08\/Untitled-design-66-300x300.png 300w, https:\/\/kantaragida.com\/wp-content\/uploads\/2020\/08\/Untitled-design-66-100x100.png 100w, https:\/\/kantaragida.com\/wp-content\/uploads\/2020\/08\/Untitled-design-66-150x150.png 150w, https:\/\/kantaragida.com\/wp-content\/uploads\/2020\/08\/Untitled-design-66.png 350w\" sizes=\"(max-width: 300px) 100vw, 300px\" \/>\t\t<h2 class=\"woocommerce-loop-category__title\">\n\t\t\tCandy Varieties<mark class=\"count\">2 Products<\/mark>\t\t<\/h2>\n\t\t<\/a><\/li>\n<\/ul>\n<\/div>\t\t\t\t<\/div>\n\t\t\t\t<\/div>\n\t\t\t\t\t<\/div>\n\t\t<\/div>\n\t\t\t\t\t<\/div>\n\t\t<\/section>\n\t\t\t\t<\/div>\n\t\t","protected":false},"excerpt":{"rendered":"<p>E\u015fsiz Lezzetlere ho\u015fgeldiniz \u00dcr\u00fcnlerimiz L\u00fctfen a\u015fa\u011f\u0131dan \u00fcr\u00fcn kategorilerimizi inceleyiniz \u00dcr\u00fcn Kategorilerimiz<\/p>\n","protected":false},"author":1,"featured_media":0,"parent":0,"menu_order":4,"comment_status":"closed","ping_status":"closed","template":"","meta":{"site-sidebar-layout":"no-sidebar","site-content-layout":"page-builder","ast-site-content-layout":"","site-content-style":"default","site-sidebar-style":"default","ast-global-header-display":"","ast-banner-title-visibility":"","ast-main-header-display":"","ast-hfb-above-header-display":"","ast-hfb-below-header-display":"","ast-hfb-mobile-header-display":"","site-post-title":"disabled","ast-breadcrumbs-content":"","ast-featured-img":"disabled","footer-sml-layout":"","theme-transparent-header-meta":"default","adv-header-id-meta":"","stick-header-meta":"","header-above-stick-meta":"","header-main-stick-meta":"","header-below-stick-meta":"","astra-migrate-meta-layouts":"default","ast-page-background-enabled":"default","ast-page-background-meta":{"desktop":{"background-color":"","background-image":"","background-repeat":"repeat","background-position":"center center","background-size":"auto","background-attachment":"scroll","background-type":"","background-media":"","overlay-type":"","overlay-color":"","overlay-opacity":"","overlay-gradient":""},"tablet":{"background-color":"","background-image":"","background-repeat":"repeat","background-position":"center center","background-size":"auto","background-attachment":"scroll","background-type":"","background-media":"","overlay-type":"","overlay-color":"","overlay-opacity":"","overlay-gradient":""},"mobile":{"background-color":"","background-image":"","background-repeat":"repeat","background-position":"center center","background-size":"auto","background-attachment":"scroll","background-type":"","background-media":"","overlay-type":"","overlay-color":"","overlay-opacity":"","overlay-gradient":""}},"ast-content-background-meta":{"desktop":{"background-color":"var(--ast-global-color-5)","background-image":"","background-repeat":"repeat","background-position":"center center","background-size":"auto","background-attachment":"scroll","background-type":"","background-media":"","overlay-type":"","overlay-color":"","overlay-opacity":"","overlay-gradient":""},"tablet":{"background-color":"var(--ast-global-color-5)","background-image":"","background-repeat":"repeat","background-position":"center center","background-size":"auto","background-attachment":"scroll","background-type":"","background-media":"","overlay-type":"","overlay-color":"","overlay-opacity":"","overlay-gradient":""},"mobile":{"background-color":"var(--ast-global-color-5)","background-image":"","background-repeat":"repeat","background-position":"center center","background-size":"auto","background-attachment":"scroll","background-type":"","background-media":"","overlay-type":"","overlay-color":"","overlay-opacity":"","overlay-gradient":""}},"footnotes":""},"class_list":["post-785","page","type-page","status-publish","hentry"],"_links":{"self":[{"href":"https:\/\/kantaragida.com\/en\/wp-json\/wp\/v2\/pages\/785","targetHints":{"allow":["GET"]}}],"collection":[{"href":"https:\/\/kantaragida.com\/en\/wp-json\/wp\/v2\/pages"}],"about":[{"href":"https:\/\/kantaragida.com\/en\/wp-json\/wp\/v2\/types\/page"}],"author":[{"embeddable":true,"href":"https:\/\/kantaragida.com\/en\/wp-json\/wp\/v2\/users\/1"}],"replies":[{"embeddable":true,"href":"https:\/\/kantaragida.com\/en\/wp-json\/wp\/v2\/comments?post=785"}],"version-history":[{"count":22,"href":"https:\/\/kantaragida.com\/en\/wp-json\/wp\/v2\/pages\/785\/revisions"}],"predecessor-version":[{"id":1858,"href":"https:\/\/kantaragida.com\/en\/wp-json\/wp\/v2\/pages\/785\/revisions\/1858"}],"wp:attachment":[{"href":"https:\/\/kantaragida.com\/en\/wp-json\/wp\/v2\/media?parent=785"}],"curies":[{"name":"wp","href":"https:\/\/api.w.org\/{rel}","templated":true}]}}